{"id":1097,"date":"2026-01-27T20:12:44","date_gmt":"2026-01-27T19:12:44","guid":{"rendered":"https:\/\/www.perchiazzidesign.it\/?page_id=1097"},"modified":"2026-02-05T19:14:50","modified_gmt":"2026-02-05T18:14:50","slug":"rinforzo-viadotto","status":"publish","type":"page","link":"https:\/\/www.perchiazzidesign.it\/?page_id=1097","title":{"rendered":"RINFORZO VIADOTTO"},"content":{"rendered":"<div class=\"wpb-content-wrapper\"><p>[vc_row][vc_column width=&#8221;2\/3&#8243;][vc_separator][vc_column_text css=&#8221;&#8221;]<\/p>\n<div id=\"wp-block-themeisle-blocks-advanced-columns-df90b38c\" class=\"wp-block-themeisle-blocks-advanced-columns has-3-columns has-desktop-equal-layout has-tablet-equal-layout has-mobile-collapsedRows-layout has-vertical-unset\">\n<div class=\"innerblocks-wrap\">\n<div id=\"wp-block-themeisle-blocks-advanced-column-65a23283\" class=\"wp-block-themeisle-blocks-advanced-column\">\n<p>\u00a0 \u00a0Come richiesto dal cliente si \u00e8 intervenuti sul modello di rinforzo suggerito, riattandolo al contesto indicato, il progetto prevedeva geometrie particolarmente articolate che non potevano non essere rispettate, sia a causa della natura stessa della geometria del viadotto e del posizionamento non lineare delle selle di appoggio, sia per il collegamento delle selle stesse al piano stradale superiore. La nostra attivit\u00e0, partendo dalla progettazione e documentazione del sistema, ha richiesto rilievi sul campo, successivi interventi in officina per la produzione della carpenteria, realizzazione di dime e attrezzaggio per il corretto posizionamento del sistema e non ultimo coordinamento con il committente principale, la nostra versatilit\u00e0 si \u00e8 rivelata preziosa per abbreviare i tempi e ottenere migliori risultati, si \u00e8 trattato infatti di un progetto che ha visto in campo esperienze di ingegneria civile, progettazione meccanica, rilievo e documentazione su diverse scale e formati, nonch\u00e8 capacit\u00e0 di seguire operativamente l&#8217;officina e gestire il coordinamento tra le committenze e i fornitori di varia natura.<\/p>\n\n<\/div>\n<!-- \/wp:post-content -->\n<!-- wp:themeisle-blocks\/advanced-column {\"id\":\"wp-block-themeisle-blocks-advanced-column-3c94934f\",\"columnWidth\":\"33.33\",\"className\":\"\"} -->\n<div id=\"wp-block-themeisle-blocks-advanced-column-3c94934f\" class=\"wp-block-themeisle-blocks-advanced-column\">\n<p>\u00a0 \u00a0<!-- wp:paragraph -->As requested by the client, we adapted the suggested reinforcement model to the specified context. The project required particularly complex geometries that had to be respected, both due to the very nature of the viaduct&#8217;s geometry and the non-linear positioning of the support saddles, and due to the connection of the saddles to the upper road surface.<\/p>\n<!-- \/wp:paragraph -->\n<p>\u00a0 <!-- wp:paragraph -->Our work, starting with the system design and documentation, required field surveys, subsequent workshop visits to produce the metalwork, creation of templates and tooling for the correct positioning of the system, and, last but not least, coordination with the main client. Our versatility proved invaluable in shortening the timeframe and achieving better results. This project required experience in civil engineering, mechanical design, surveying, and documentation at various scales and formats, as well as the ability to operationally supervise the workshop and manage coordination between clients and various suppliers.<\/p>\n<!-- \/wp:paragraph -->\n<\/div>\n<!-- \/wp:themeisle-blocks\/advanced-column -->\n<!-- wp:themeisle-blocks\/advanced-column {\"id\":\"wp-block-themeisle-blocks-advanced-column-fd9c4ba4\",\"columnWidth\":\"33.33\",\"className\":\"\"} -->\n<div id=\"wp-block-themeisle-blocks-advanced-column-fd9c4ba4\" class=\"wp-block-themeisle-blocks-advanced-column\"><!-- wp:video {\"id\":891} -->\n<figure class=\"wp-block-video\"><\/figure>\n<!-- \/wp:video -->\n<\/div>\n<!-- \/wp:themeisle-blocks\/advanced-column -->\n<\/div>\n<\/div>\n<!-- \/wp:themeisle-blocks\/advanced-columns -->\n<!-- wp:paragraph --><!-- \/wp:paragraph -->\n<p>&nbsp;<\/p>\n<p>[\/vc_column_text][\/vc_column][vc_column width=&#8221;1\/3&#8243;][vc_single_image image=&#8221;690&#8243; img_size=&#8221;FULL&#8221; alignment=&#8221;center&#8221; onclick=&#8221;img_link_large&#8221; css=&#8221;&#8221;][vc_single_image image=&#8221;689&#8243; img_size=&#8221;full&#8221; alignment=&#8221;center&#8221; onclick=&#8221;img_link_large&#8221; css=&#8221;&#8221;][vc_single_image image=&#8221;711&#8243; img_size=&#8221;full&#8221; alignment=&#8221;center&#8221; onclick=&#8221;img_link_large&#8221; css=&#8221;&#8221;][\/vc_column][\/vc_row]<\/p>\n<\/div>","protected":false},"excerpt":{"rendered":"<p>[vc_row][vc_column width=&#8221;2\/3&#8243;][vc_separator][vc_column_text css=&#8221;&#8221;] \u00a0 \u00a0Come richiesto dal cliente si \u00e8 intervenuti sul modello di rinforzo suggerito, riattandolo al contesto indicato, il progetto prevedeva geometrie particolarmente articolate che non potevano non essere rispettate, sia a causa della natura stessa della geometria del viadotto e del posizionamento non lineare delle selle di appoggio, sia per il collegamento&hellip;&nbsp;<a href=\"https:\/\/www.perchiazzidesign.it\/?page_id=1097\" rel=\"bookmark\">Leggi tutto &raquo;<span class=\"screen-reader-text\">RINFORZO VIADOTTO<\/span><\/a><\/p>\n","protected":false},"author":1,"featured_media":0,"parent":0,"menu_order":0,"comment_status":"closed","ping_status":"closed","template":"","meta":{"neve_meta_sidebar":"","neve_meta_container":"","neve_meta_enable_content_width":"off","neve_meta_content_width":100,"neve_meta_title_alignment":"","neve_meta_author_avatar":"","neve_post_elements_order":"","neve_meta_disable_header":"","neve_meta_disable_footer":"","neve_meta_disable_title":"","_themeisle_gutenberg_block_has_review":false,"footnotes":""},"class_list":["post-1097","page","type-page","status-publish","hentry"],"_links":{"self":[{"href":"https:\/\/www.perchiazzidesign.it\/index.php?rest_route=\/wp\/v2\/pages\/1097","targetHints":{"allow":["GET"]}}],"collection":[{"href":"https:\/\/www.perchiazzidesign.it\/index.php?rest_route=\/wp\/v2\/pages"}],"about":[{"href":"https:\/\/www.perchiazzidesign.it\/index.php?rest_route=\/wp\/v2\/types\/page"}],"author":[{"embeddable":true,"href":"https:\/\/www.perchiazzidesign.it\/index.php?rest_route=\/wp\/v2\/users\/1"}],"replies":[{"embeddable":true,"href":"https:\/\/www.perchiazzidesign.it\/index.php?rest_route=%2Fwp%2Fv2%2Fcomments&post=1097"}],"version-history":[{"count":10,"href":"https:\/\/www.perchiazzidesign.it\/index.php?rest_route=\/wp\/v2\/pages\/1097\/revisions"}],"predecessor-version":[{"id":1254,"href":"https:\/\/www.perchiazzidesign.it\/index.php?rest_route=\/wp\/v2\/pages\/1097\/revisions\/1254"}],"wp:attachment":[{"href":"https:\/\/www.perchiazzidesign.it\/index.php?rest_route=%2Fwp%2Fv2%2Fmedia&parent=1097"}],"curies":[{"name":"wp","href":"https:\/\/api.w.org\/{rel}","templated":true}]}}