{"id":1221,"date":"2026-01-29T18:58:36","date_gmt":"2026-01-29T17:58:36","guid":{"rendered":"https:\/\/www.perchiazzidesign.it\/?page_id=1221"},"modified":"2026-02-05T19:12:00","modified_gmt":"2026-02-05T18:12:00","slug":"cockpit-cira","status":"publish","type":"page","link":"https:\/\/www.perchiazzidesign.it\/?page_id=1221","title":{"rendered":"COCKPIT CIRA"},"content":{"rendered":"\n<div class=\"wp-block-columns is-layout-flex wp-container-core-columns-is-layout-9d6595d7 wp-block-columns-is-layout-flex\">\n<div class=\"wp-block-column is-layout-flow wp-block-column-is-layout-flow\" style=\"flex-basis:66.66%\">\n<p><\/p>\n\n\n\n<p>   Un interessante sfida \u00e8 stata quella di realizzare per un nostro vecchio cliente un simulatore di<br>volo, commissionatogli dal CIRA (Centro Italiano Ricerche Aerospaziali). I requisiti imposti dal cliente finale non erano pochi, si doveva riprodurre in poco spazio un layout abbastanza complesso, ma realizzato con apparati indipendenti ed interscambiabili, il che ha comportato la creazione di numerosi apparati elettromeccanici, di discreta complessit\u00e0.<\/p>\n\n\n\n<p>   Nonostante le dimensioni notevoli dell\u2019apparato, l\u2019intero assieme doveva essere trasportabile su ruote e doveva attraversare una comune porta di accesso, dalla larghezza media di 90 cm, l\u2019assemblaggio, nonostante la complessit\u00e0 nelle scelte progettuali adottate, appare rapido e quasi intuitivo.<\/p>\n\n\n\n<p>   I comandi previsti per pilotare il simulatore dovevano essere sincronizzabili da entrambe le<br>postazioni senza l\u2019utilizzo di motori ed elettronica, questo ha comportato la necessit\u00e0 di trovare<br>soluzioni meccaniche per la trasmissione delle due cloches (rotazione e traslazione) e dei pedali<br>(traslazione e rotazione per ogni singolo pedale).<\/p>\n\n\n\n<p>   Nonostante la scomposizione del simulatore in pi\u00f9 parti, dovevamo garantire robustezza e solidit\u00e0,<br>vista la necessit\u00e0 di accogliere al suo interno almeno due persone e costose apparecchiature<br>alloggiate stabilmente nei sottoassiemi, che non dovevano subire eccessive sollecitazioni durante<br>l\u2019assemblaggio, l\u2019uso ed il trasporto.<\/p>\n\n\n\n<p>   An interesting challenge was to build a flight simulator for an old client of ours, commissioned by CIRA (Italian Aerospace Research Center). The end customer had a number of requirements: a fairly complex layout had to be reproduced in a small space, but with independent and interchangeable devices, which required the creation of numerous electromechanical devices of considerable complexity.<\/p>\n\n\n\n<p>   Despite the considerable size of the apparatus, the entire assembly had to be transportable on wheels and pass through a common access door, with an average width of 90 cm. Assembly, despite the complex design choices adopted, was quick and almost intuitive.<\/p>\n\n\n\n<p>   The controls required to pilot the simulator had to be synchronized from both stations without the use of motors and electronics. This required finding mechanical solutions for the transmission of the two joysticks (rotation and translation) and the pedals (translation and rotation for each individual pedal).<\/p>\n\n\n\n<p>   The simulator&#8217;s dismantling into multiple parts was intended to ensure its robustness and solidity,<br>given the need to accommodate at least two people and expensive equipment,<br>stable in the subassemblies, which were not subjected to excessive stress during<br>assembly, use, and transport.<\/p>\n<\/div>\n\n\n\n<div class=\"wp-block-column is-layout-flow wp-block-column-is-layout-flow\" style=\"flex-basis:33.33%\">\n<figure class=\"wp-block-image size-large\"><img loading=\"lazy\" decoding=\"async\" width=\"1024\" height=\"657\" src=\"https:\/\/www.perchiazzidesign.it\/wp-content\/uploads\/2023\/05\/posizione-logo-1024x657.jpg\" alt=\"\" class=\"wp-image-799\" srcset=\"https:\/\/www.perchiazzidesign.it\/wp-content\/uploads\/2023\/05\/posizione-logo-1024x657.jpg 1024w, https:\/\/www.perchiazzidesign.it\/wp-content\/uploads\/2023\/05\/posizione-logo-300x192.jpg 300w, https:\/\/www.perchiazzidesign.it\/wp-content\/uploads\/2023\/05\/posizione-logo-768x492.jpg 768w, https:\/\/www.perchiazzidesign.it\/wp-content\/uploads\/2023\/05\/posizione-logo-1536x985.jpg 1536w, https:\/\/www.perchiazzidesign.it\/wp-content\/uploads\/2023\/05\/posizione-logo.jpg 1644w\" sizes=\"auto, (max-width: 1024px) 100vw, 1024px\" \/><\/figure>\n\n\n\n<figure class=\"wp-block-image size-large\"><img loading=\"lazy\" decoding=\"async\" width=\"1024\" height=\"575\" src=\"https:\/\/www.perchiazzidesign.it\/wp-content\/uploads\/2020\/10\/WP_20150512_001-1024x575.jpg\" alt=\"\" class=\"wp-image-251\" srcset=\"https:\/\/www.perchiazzidesign.it\/wp-content\/uploads\/2020\/10\/WP_20150512_001-1024x575.jpg 1024w, https:\/\/www.perchiazzidesign.it\/wp-content\/uploads\/2020\/10\/WP_20150512_001-300x169.jpg 300w, https:\/\/www.perchiazzidesign.it\/wp-content\/uploads\/2020\/10\/WP_20150512_001-768x431.jpg 768w, https:\/\/www.perchiazzidesign.it\/wp-content\/uploads\/2020\/10\/WP_20150512_001-1536x863.jpg 1536w, https:\/\/www.perchiazzidesign.it\/wp-content\/uploads\/2020\/10\/WP_20150512_001-2048x1150.jpg 2048w\" sizes=\"auto, (max-width: 1024px) 100vw, 1024px\" \/><\/figure>\n\n\n\n<figure class=\"wp-block-image size-large\"><img loading=\"lazy\" decoding=\"async\" width=\"1024\" height=\"683\" src=\"https:\/\/www.perchiazzidesign.it\/wp-content\/uploads\/2017\/10\/COCKPIT_06-1-1024x683.jpg\" alt=\"SIMULATORE DI VOLO\" class=\"wp-image-136\"\/><\/figure>\n\n\n\n<figure class=\"wp-block-image size-large\"><img loading=\"lazy\" decoding=\"async\" width=\"1024\" height=\"683\" src=\"https:\/\/www.perchiazzidesign.it\/wp-content\/uploads\/2017\/10\/COCKPIT_05-1024x683.jpg\" alt=\"\" class=\"wp-image-106\" srcset=\"https:\/\/www.perchiazzidesign.it\/wp-content\/uploads\/2017\/10\/COCKPIT_05-1024x683.jpg 1024w, https:\/\/www.perchiazzidesign.it\/wp-content\/uploads\/2017\/10\/COCKPIT_05-300x200.jpg 300w, https:\/\/www.perchiazzidesign.it\/wp-content\/uploads\/2017\/10\/COCKPIT_05-768x512.jpg 768w, https:\/\/www.perchiazzidesign.it\/wp-content\/uploads\/2017\/10\/COCKPIT_05-750x500.jpg 750w\" sizes=\"auto, (max-width: 1024px) 100vw, 1024px\" \/><\/figure>\n<\/div>\n<\/div>\n","protected":false},"excerpt":{"rendered":"<p>Un interessante sfida \u00e8 stata quella di realizzare per un nostro vecchio cliente un simulatore divolo, commissionatogli dal CIRA (Centro Italiano Ricerche Aerospaziali). I requisiti imposti dal cliente finale non erano pochi, si doveva riprodurre in poco spazio un layout abbastanza complesso, ma realizzato con apparati indipendenti ed interscambiabili, il che ha comportato la creazione&hellip;&nbsp;<a href=\"https:\/\/www.perchiazzidesign.it\/?page_id=1221\" rel=\"bookmark\">Leggi tutto &raquo;<span class=\"screen-reader-text\">COCKPIT CIRA<\/span><\/a><\/p>\n","protected":false},"author":1,"featured_media":0,"parent":0,"menu_order":0,"comment_status":"closed","ping_status":"closed","template":"","meta":{"neve_meta_sidebar":"","neve_meta_container":"","neve_meta_enable_content_width":"","neve_meta_content_width":0,"neve_meta_title_alignment":"","neve_meta_author_avatar":"","neve_post_elements_order":"","neve_meta_disable_header":"","neve_meta_disable_footer":"","neve_meta_disable_title":"","_themeisle_gutenberg_block_has_review":false,"footnotes":""},"class_list":["post-1221","page","type-page","status-publish","hentry"],"_links":{"self":[{"href":"https:\/\/www.perchiazzidesign.it\/index.php?rest_route=\/wp\/v2\/pages\/1221","targetHints":{"allow":["GET"]}}],"collection":[{"href":"https:\/\/www.perchiazzidesign.it\/index.php?rest_route=\/wp\/v2\/pages"}],"about":[{"href":"https:\/\/www.perchiazzidesign.it\/index.php?rest_route=\/wp\/v2\/types\/page"}],"author":[{"embeddable":true,"href":"https:\/\/www.perchiazzidesign.it\/index.php?rest_route=\/wp\/v2\/users\/1"}],"replies":[{"embeddable":true,"href":"https:\/\/www.perchiazzidesign.it\/index.php?rest_route=%2Fwp%2Fv2%2Fcomments&post=1221"}],"version-history":[{"count":2,"href":"https:\/\/www.perchiazzidesign.it\/index.php?rest_route=\/wp\/v2\/pages\/1221\/revisions"}],"predecessor-version":[{"id":1253,"href":"https:\/\/www.perchiazzidesign.it\/index.php?rest_route=\/wp\/v2\/pages\/1221\/revisions\/1253"}],"wp:attachment":[{"href":"https:\/\/www.perchiazzidesign.it\/index.php?rest_route=%2Fwp%2Fv2%2Fmedia&parent=1221"}],"curies":[{"name":"wp","href":"https:\/\/api.w.org\/{rel}","templated":true}]}}