{"id":1225,"date":"2026-01-29T19:27:51","date_gmt":"2026-01-29T18:27:51","guid":{"rendered":"https:\/\/www.perchiazzidesign.it\/?page_id=1225"},"modified":"2026-02-05T19:13:14","modified_gmt":"2026-02-05T18:13:14","slug":"giunto-in-linea","status":"publish","type":"page","link":"https:\/\/www.perchiazzidesign.it\/?page_id=1225","title":{"rendered":"GIUNTO IN LINEA"},"content":{"rendered":"\n<div class=\"wp-block-columns is-layout-flex wp-container-core-columns-is-layout-9d6595d7 wp-block-columns-is-layout-flex\">\n<div class=\"wp-block-column is-layout-flow wp-block-column-is-layout-flow\" style=\"flex-basis:66.66%\"><\/div>\n\n\n\n<div class=\"wp-block-column is-layout-flow wp-block-column-is-layout-flow\" style=\"flex-basis:33.33%\"><\/div>\n<\/div>\n\n\n\n<p><\/p>\n\n\n\n<div class=\"wp-block-columns is-layout-flex wp-container-core-columns-is-layout-9d6595d7 wp-block-columns-is-layout-flex\">\n<div class=\"wp-block-column is-layout-flow wp-block-column-is-layout-flow\" style=\"flex-basis:66.66%\">\n<p>    Il progetto dei nuovi giunto in gel della linea &#8220;EVO&#8221; ci ha visti di nuovo coinvolti con un nostro vecchio cliente con il quale condividiamo la passione per la ricerca in campo estetico e funzionale. Erede del vecchio giunto &#8220;Shark&#8221; , che progettammo molti anni prima, aggiunge una nuova funzionalit\u00e0 che lo rende ancora pi\u00f9 versatile, il sistemo di chiusura permette l&#8217;utilizzo di differenti diametri di cavo.<\/p>\n\n\n\n<p>   Oltre agli accorgimenti tecnici utili per garantire la tenuta del giunto (denti e paratie opportunamente collocati), abbiamo cercato di migliorare la compatezza e cercato di rendere la superficie esterna ancora pi\u00f9 fluida, per un design non solo esteticamente pi\u00f9 gradevole, ma pi\u00f9 efficiente anche per quanto concerne produzione ed installazione del prodotto stesso.<\/p>\n\n\n\n<p>   Come spesso accade con questa tipologia di prodotto \u00e8 stata creata una gamma in grado di soddisfare dimensionalente e funzionalmente tuttte le esigenze.<\/p>\n\n\n\n<p>   The project for the new &#8220;EVO&#8221; gel joint saw us re-engage with an old client, with whom we share a passion for aesthetic and functional research. The successor to the original &#8220;Shark&#8221; joint, which we designed many years earlier, adds a new feature that makes it even more versatile: the locking system allows for the use of different cable diameters.<\/p>\n\n\n\n<p>   In addition to the technical features needed to ensure the joint&#8217;s seal (appropriately positioned teeth and bulkheads), we sought to improve its compactness and make the external surface even smoother, resulting in a design that is not only more aesthetically pleasing but also more efficient in terms of production and installation.<\/p>\n\n\n\n<p>   As is often the case with this type of product, we have created a range capable of meeting all needs in terms of size and functionality.<\/p>\n<\/div>\n\n\n\n<div class=\"wp-block-column is-layout-flow wp-block-column-is-layout-flow\" style=\"flex-basis:33.33%\">\n<figure class=\"wp-block-image size-large\"><img loading=\"lazy\" decoding=\"async\" width=\"1024\" height=\"654\" src=\"https:\/\/www.perchiazzidesign.it\/wp-content\/uploads\/2026\/01\/EVO_gel-1024x654.jpg\" alt=\"\" class=\"wp-image-1226\" srcset=\"https:\/\/www.perchiazzidesign.it\/wp-content\/uploads\/2026\/01\/EVO_gel-1024x654.jpg 1024w, https:\/\/www.perchiazzidesign.it\/wp-content\/uploads\/2026\/01\/EVO_gel-300x192.jpg 300w, https:\/\/www.perchiazzidesign.it\/wp-content\/uploads\/2026\/01\/EVO_gel-768x491.jpg 768w, https:\/\/www.perchiazzidesign.it\/wp-content\/uploads\/2026\/01\/EVO_gel.jpg 1406w\" sizes=\"auto, (max-width: 1024px) 100vw, 1024px\" \/><\/figure>\n\n\n\n<figure class=\"wp-block-image size-full\"><img loading=\"lazy\" decoding=\"async\" width=\"602\" height=\"420\" src=\"https:\/\/www.perchiazzidesign.it\/wp-content\/uploads\/2023\/03\/EV201D.jpg\" alt=\"\" class=\"wp-image-693\" srcset=\"https:\/\/www.perchiazzidesign.it\/wp-content\/uploads\/2023\/03\/EV201D.jpg 602w, https:\/\/www.perchiazzidesign.it\/wp-content\/uploads\/2023\/03\/EV201D-300x209.jpg 300w\" sizes=\"auto, (max-width: 602px) 100vw, 602px\" \/><\/figure>\n\n\n\n<figure class=\"wp-block-image size-full\"><img loading=\"lazy\" decoding=\"async\" width=\"432\" height=\"326\" src=\"https:\/\/www.perchiazzidesign.it\/wp-content\/uploads\/2023\/03\/EV102_SSS.jpg\" alt=\"\" class=\"wp-image-692\" srcset=\"https:\/\/www.perchiazzidesign.it\/wp-content\/uploads\/2023\/03\/EV102_SSS.jpg 432w, https:\/\/www.perchiazzidesign.it\/wp-content\/uploads\/2023\/03\/EV102_SSS-300x226.jpg 300w\" sizes=\"auto, (max-width: 432px) 100vw, 432px\" \/><\/figure>\n<\/div>\n<\/div>\n","protected":false},"excerpt":{"rendered":"<p>Il progetto dei nuovi giunto in gel della linea &#8220;EVO&#8221; ci ha visti di nuovo coinvolti con un nostro vecchio cliente con il quale condividiamo la passione per la ricerca in campo estetico e funzionale. Erede del vecchio giunto &#8220;Shark&#8221; , che progettammo molti anni prima, aggiunge una nuova funzionalit\u00e0 che lo rende ancora pi\u00f9&hellip;&nbsp;<a href=\"https:\/\/www.perchiazzidesign.it\/?page_id=1225\" rel=\"bookmark\">Leggi tutto &raquo;<span class=\"screen-reader-text\">GIUNTO IN LINEA<\/span><\/a><\/p>\n","protected":false},"author":1,"featured_media":0,"parent":0,"menu_order":0,"comment_status":"closed","ping_status":"closed","template":"","meta":{"neve_meta_sidebar":"","neve_meta_container":"","neve_meta_enable_content_width":"","neve_meta_content_width":0,"neve_meta_title_alignment":"","neve_meta_author_avatar":"","neve_post_elements_order":"","neve_meta_disable_header":"","neve_meta_disable_footer":"","neve_meta_disable_title":"","_themeisle_gutenberg_block_has_review":false,"footnotes":""},"class_list":["post-1225","page","type-page","status-publish","hentry"],"_links":{"self":[{"href":"https:\/\/www.perchiazzidesign.it\/index.php?rest_route=\/wp\/v2\/pages\/1225","targetHints":{"allow":["GET"]}}],"collection":[{"href":"https:\/\/www.perchiazzidesign.it\/index.php?rest_route=\/wp\/v2\/pages"}],"about":[{"href":"https:\/\/www.perchiazzidesign.it\/index.php?rest_route=\/wp\/v2\/types\/page"}],"author":[{"embeddable":true,"href":"https:\/\/www.perchiazzidesign.it\/index.php?rest_route=\/wp\/v2\/users\/1"}],"replies":[{"embeddable":true,"href":"https:\/\/www.perchiazzidesign.it\/index.php?rest_route=%2Fwp%2Fv2%2Fcomments&post=1225"}],"version-history":[{"count":1,"href":"https:\/\/www.perchiazzidesign.it\/index.php?rest_route=\/wp\/v2\/pages\/1225\/revisions"}],"predecessor-version":[{"id":1229,"href":"https:\/\/www.perchiazzidesign.it\/index.php?rest_route=\/wp\/v2\/pages\/1225\/revisions\/1229"}],"wp:attachment":[{"href":"https:\/\/www.perchiazzidesign.it\/index.php?rest_route=%2Fwp%2Fv2%2Fmedia&parent=1225"}],"curies":[{"name":"wp","href":"https:\/\/api.w.org\/{rel}","templated":true}]}}